{"id":11502,"date":"2017-05-20T18:51:04","date_gmt":"2017-05-20T18:51:04","guid":{"rendered":"https:\/\/www.clinicamaicasoria.com\/?page_id=11502"},"modified":"2020-04-29T17:10:05","modified_gmt":"2020-04-29T17:10:05","slug":"hilos-tensores","status":"publish","type":"page","link":"https:\/\/www.clinicamaicasoria.com\/index.php\/hilos-tensores\/","title":{"rendered":"Hilos tensores"},"content":{"rendered":"<p>[et_pb_section fb_built=\u00bb1&#8243; admin_label=\u00bbSection &#8211; List Reveal Hover Blurb\u00bb module_class=\u00bbblurb_5_M\u00bb _builder_version=\u00bb3.22&#8243; background_color=\u00bb#fdf1ff\u00bb background_image=\u00bbhttps:\/\/www.clinicamaicasoria.com\/wp-content\/uploads\/2017\/05\/hilos-tensores-cuerpo.jpg\u00bb background_size=\u00bbcontain\u00bb custom_padding=\u00bb54px|0px|24px|0px\u00bb][et_pb_row admin_label=\u00bbRow &#8211; Call To Action &#8211; Services\u00bb _builder_version=\u00bb3.25&#8243; custom_padding=\u00bb0px||0vw|\u00bb][et_pb_column type=\u00bb4_4&#8243; _builder_version=\u00bb3.25&#8243; background_position=\u00bbtop_left\u00bb custom_padding=\u00bb|||\u00bb custom_padding__hover=\u00bb|||\u00bb][et_pb_cta title=\u00bbHilos tensores\u00bb admin_label=\u00bbtitulo\u00bb _builder_version=\u00bb4.4.4&#8243; header_font=\u00bbBitter||||||||\u00bb header_text_align=\u00bbleft\u00bb header_text_color=\u00bb#b70069&#8243; header_font_size=\u00bb40px\u00bb body_font=\u00bbBitter||||\u00bb body_text_align=\u00bbleft\u00bb body_text_color=\u00bb#757575&#8243; body_font_size=\u00bb18&#8243; use_background_color=\u00bboff\u00bb custom_margin=\u00bb|||\u00bb custom_padding=\u00bb50px|||\u00bb custom_padding_tablet=\u00bb\u00bb custom_padding_phone=\u00bb\u00bb custom_padding_last_edited=\u00bbon|desktop\u00bb hover_enabled=\u00bb0&#8243; header_font_size_tablet=\u00bb60&#8243; header_font_size_phone=\u00bb48&#8243; header_font_size_last_edited=\u00bbon|phone\u00bb button_text_size__hover_enabled=\u00bboff\u00bb button_one_text_size__hover_enabled=\u00bboff\u00bb button_two_text_size__hover_enabled=\u00bboff\u00bb button_text_color__hover_enabled=\u00bboff\u00bb button_one_text_color__hover_enabled=\u00bboff\u00bb button_two_text_color__hover_enabled=\u00bboff\u00bb button_border_width__hover_enabled=\u00bboff\u00bb button_one_border_width__hover_enabled=\u00bboff\u00bb button_two_border_width__hover_enabled=\u00bboff\u00bb button_border_color__hover_enabled=\u00bboff\u00bb button_one_border_color__hover_enabled=\u00bboff\u00bb button_two_border_color__hover_enabled=\u00bboff\u00bb button_border_radius__hover_enabled=\u00bboff\u00bb button_one_border_radius__hover_enabled=\u00bboff\u00bb button_two_border_radius__hover_enabled=\u00bboff\u00bb button_letter_spacing__hover_enabled=\u00bboff\u00bb button_one_letter_spacing__hover_enabled=\u00bboff\u00bb button_two_letter_spacing__hover_enabled=\u00bboff\u00bb button_bg_color__hover_enabled=\u00bboff\u00bb button_one_bg_color__hover_enabled=\u00bboff\u00bb button_two_bg_color__hover_enabled=\u00bboff\u00bb header_level=\u00bbh1&#8243;]<\/p>\n<p>\u00a0<\/p>\n<p>\u00a0<\/p>\n<p>[\/et_pb_cta][\/et_pb_column][\/et_pb_row][\/et_pb_section][et_pb_section fb_built=\u00bb1&#8243; _builder_version=\u00bb4.4.4&#8243; background_color=\u00bbrgba(0,0,0,0)\u00bb parallax=\u00bbon\u00bb custom_padding=\u00bb43px|0px|0px|0px\u00bb hover_enabled=\u00bb0&#8243;][et_pb_row _builder_version=\u00bb3.25&#8243;][et_pb_column type=\u00bb4_4&#8243; _builder_version=\u00bb3.25&#8243; custom_padding=\u00bb|||\u00bb custom_padding__hover=\u00bb|||\u00bb][et_pb_text _builder_version=\u00bb3.27.4&#8243; text_font_size=\u00bb16px\u00bb]<\/p>\n<p class=\"p1\"><span class=\"s1\">Se trata de una nueva t\u00e9cnica para tratamiento de la laxitud de la piel y para\u00a0reafirmar zonas corporales (cara interna de brazos y piernas, abdomen, etc) produciendo un lifting biol\u00f3gico auto inducido por la\u00a0producci\u00f3n de fibroblastos y col\u00e1geno alrededor del hilo insertado.<\/span><\/p>\n<p>[\/et_pb_text][\/et_pb_column][\/et_pb_row][et_pb_row _builder_version=\u00bb3.25&#8243; background_size=\u00bbinitial\u00bb background_position=\u00bbtop_left\u00bb background_repeat=\u00bbrepeat\u00bb column_structure=\u00bb1_3,1_3,1_3&#8243;][et_pb_column type=\u00bb1_3&#8243; _builder_version=\u00bb3.25&#8243; custom_padding=\u00bb|||\u00bb custom_padding__hover=\u00bb|||\u00bb][et_pb_blurb circle_color=\u00bb#0d2035&#8243; image=\u00bbhttps:\/\/www.clinicamaicasoria.com\/wp-content\/uploads\/2017\/05\/icono-estetoscopio.png\u00bb admin_label=\u00bbtratamientos\u00bb _builder_version=\u00bb3.0.76&#8243; body_font_size=\u00bb16px\u00bb]<\/p>\n<p class=\"p1\" style=\"text-align: center;\"><strong><span class=\"s1\" style=\"color: #b70069;\">TRATAMIENTO<\/span><\/strong><\/p>\n<p class=\"p1\"><span class=\"s1\">El tratamiento consiste en colocar hilos de polidioxanona en la dermis, siguiendo los vectores de tensi\u00f3n que previamente se hayan dise\u00f1ado para\u00a0cada zona. El producto no act\u00faa como un relleno, sino que tiene un efecto tensor sobre la piel.<\/span><\/p>\n<p class=\"p1\" style=\"text-align: left;\"><span class=\"s1\">Los resultados se ven a partir del mes, mejorando cada semana y alcanzando el mejor resultado a los 3 meses; el cual se\u00a0mantiene de 12-18 meses, dependiendo de la edad, el tipo de piel, la cantidad de colagenasa de cada persona y las caracter\u00edsticas\u00a0individuales.<\/span><\/p>\n<p class=\"p1\" style=\"text-align: left;\"><span class=\"s1\">Debe personalizarse el tratamiento, seg\u00fan la edad, caracter\u00edsticas de la piel, etc. En general se realiza una sola sesi\u00f3n, en algunas\u00a0ocasiones dos sesiones, separadas de unas 4 a 6 semanas. La duraci\u00f3n del efecto suele ser de 9 a 12 meses. El efecto \u00f3ptimo es\u00a0a los tres meses y el hilo se\u00a0reabsorbe totalmente a los 6 meses.<\/span><\/p>\n<p class=\"p1\" style=\"text-align: left;\"><span class=\"s1\">Es recomendable repetir el tratamiento una o dos veces al a\u00f1o, dependiendo de cada paciente a los 6 o 9 meses despu\u00e9s del\u00a0primer tratamiento, para no perder totalmente el efecto inicial.<\/span><\/p>\n<p>\u00a0<\/p>\n<p>[\/et_pb_blurb][\/et_pb_column][et_pb_column type=\u00bb1_3&#8243; _builder_version=\u00bb3.25&#8243; custom_padding=\u00bb|||\u00bb custom_padding__hover=\u00bb|||\u00bb][et_pb_blurb circle_color=\u00bb#0d2035&#8243; image=\u00bbhttps:\/\/www.clinicamaicasoria.com\/wp-content\/uploads\/2017\/05\/icono-tirita.png\u00bb admin_label=\u00bbcontraindicaciones\u00bb _builder_version=\u00bb3.0.76&#8243; body_font_size=\u00bb16px\u00bb text_orientation=\u00bbcenter\u00bb]<\/p>\n<p class=\"p1\" style=\"text-align: center;\"><strong><span class=\"s1\" style=\"color: #b70069;\">CONTRAINDICACIONES<\/span><\/strong><\/p>\n<p class=\"p1\" style=\"text-align: left;\"><span class=\"s1\">Contraindicado si la paciente presenta alguna infecci\u00f3n en la piel, problemas de coagulaci\u00f3n o enfermedades autoinmunes. Si se coloca sobre una zona con implante de hialur\u00f3nicos reciente se observa una gran inflamaci\u00f3n. No se recomienda en pacientes embarazadas o en periodo de lactancia.<\/span><\/p>\n<p>\u00a0<\/p>\n<p>[\/et_pb_blurb][\/et_pb_column][et_pb_column type=\u00bb1_3&#8243; _builder_version=\u00bb3.25&#8243; custom_padding=\u00bb|||\u00bb custom_padding__hover=\u00bb|||\u00bb][et_pb_blurb circle_color=\u00bb#0d2035&#8243; image=\u00bbhttps:\/\/www.clinicamaicasoria.com\/wp-content\/uploads\/2017\/05\/icono-cura.png\u00bb admin_label=\u00bbefectos secundarios\u00bb _builder_version=\u00bb3.0.76&#8243; body_font_size=\u00bb16px\u00bb]<\/p>\n<p class=\"p1\" style=\"text-align: center;\"><strong><span class=\"s1\" style=\"color: #b70069;\">EFECTOS SECUNDARIOS<\/span><\/strong><\/p>\n<p class=\"p1\"><span class=\"s1\">Pueden aparecer hematomas, consecuencia de la infiltraci\u00f3n que suelen ser transitorios, es importante no exponerse al sol con\u00a0los hematomas porque podr\u00eda permanecer una sombra en la zona. Puede aparecer enrojecimiento transitorio o edema en la zona\u00a0tratada. Se debe evitar la exposici\u00f3n solar durante el tiempo en que se est\u00e1 realizando el tratamiento para evitar problemas de\u00a0manchas en la piel.<\/span><\/p>\n<p class=\"p2\" style=\"text-align: left;\"><span class=\"s1\">Los pacientes pueden incorporarse inmediatamente a su actividad habitual.<\/span><\/p>\n<p>\u00a0<\/p>\n<p>[\/et_pb_blurb][\/et_pb_column][\/et_pb_row][\/et_pb_section]<\/p>\n","protected":false},"excerpt":{"rendered":"<p>\u00a0 \u00a0Se trata de una nueva t\u00e9cnica para tratamiento de la laxitud de la piel y para\u00a0reafirmar zonas corporales (cara interna de brazos y piernas, abdomen, etc) produciendo un lifting biol\u00f3gico auto inducido por la\u00a0producci\u00f3n de fibroblastos y col\u00e1geno alrededor del hilo insertado. TRATAMIENTO El tratamiento consiste en colocar hilos de polidioxanona en la dermis, [&hellip;]<\/p>\n","protected":false},"author":1,"featured_media":0,"parent":0,"menu_order":0,"comment_status":"closed","ping_status":"closed","template":"","meta":{"_et_pb_use_builder":"on","_et_pb_old_content":"","_et_gb_content_width":"","footnotes":""},"class_list":["post-11502","page","type-page","status-publish","hentry"],"yoast_head":"<!-- This site is optimized with the Yoast SEO plugin v27.0 - https:\/\/yoast.com\/product\/yoast-seo-wordpress\/ -->\n<title>Hilos tensores - Cl\u00ednica Dra. Maica Soria<\/title>\n<meta name=\"robots\" content=\"index, follow, max-snippet:-1, max-image-preview:large, max-video-preview:-1\" \/>\n<link rel=\"canonical\" href=\"https:\/\/www.clinicamaicasoria.com\/index.php\/hilos-tensores\/\" \/>\n<meta property=\"og:locale\" content=\"es_ES\" \/>\n<meta property=\"og:type\" content=\"article\" \/>\n<meta property=\"og:title\" content=\"Hilos tensores - Cl\u00ednica Dra. Maica Soria\" \/>\n<meta property=\"og:description\" content=\"\u00a0 \u00a0Se trata de una nueva t\u00e9cnica para tratamiento de la laxitud de la piel y para\u00a0reafirmar zonas corporales (cara interna de brazos y piernas, abdomen, etc) produciendo un lifting biol\u00f3gico auto inducido por la\u00a0producci\u00f3n de fibroblastos y col\u00e1geno alrededor del hilo insertado. TRATAMIENTO El tratamiento consiste en colocar hilos de polidioxanona en la dermis, [&hellip;]\" \/>\n<meta property=\"og:url\" content=\"https:\/\/www.clinicamaicasoria.com\/index.php\/hilos-tensores\/\" \/>\n<meta property=\"og:site_name\" content=\"Cl\u00ednica Dra. Maica Soria\" \/>\n<meta property=\"article:publisher\" content=\"https:\/\/www.facebook.com\/clinicamaicasoria\/\" \/>\n<meta property=\"article:modified_time\" content=\"2020-04-29T17:10:05+00:00\" \/>\n<meta name=\"twitter:card\" content=\"summary_large_image\" \/>\n<meta name=\"twitter:label1\" content=\"Tiempo de lectura\" \/>\n\t<meta name=\"twitter:data1\" content=\"4 minutos\" \/>\n<script type=\"application\/ld+json\" class=\"yoast-schema-graph\">{\"@context\":\"https:\/\/schema.org\",\"@graph\":[{\"@type\":\"WebPage\",\"@id\":\"https:\/\/www.clinicamaicasoria.com\/index.php\/hilos-tensores\/\",\"url\":\"https:\/\/www.clinicamaicasoria.com\/index.php\/hilos-tensores\/\",\"name\":\"Hilos tensores - Cl\u00ednica Dra. Maica Soria\",\"isPartOf\":{\"@id\":\"https:\/\/www.clinicamaicasoria.com\/#website\"},\"datePublished\":\"2017-05-20T18:51:04+00:00\",\"dateModified\":\"2020-04-29T17:10:05+00:00\",\"breadcrumb\":{\"@id\":\"https:\/\/www.clinicamaicasoria.com\/index.php\/hilos-tensores\/#breadcrumb\"},\"inLanguage\":\"es\",\"potentialAction\":[{\"@type\":\"ReadAction\",\"target\":[\"https:\/\/www.clinicamaicasoria.com\/index.php\/hilos-tensores\/\"]}]},{\"@type\":\"BreadcrumbList\",\"@id\":\"https:\/\/www.clinicamaicasoria.com\/index.php\/hilos-tensores\/#breadcrumb\",\"itemListElement\":[{\"@type\":\"ListItem\",\"position\":1,\"name\":\"Portada\",\"item\":\"https:\/\/www.clinicamaicasoria.com\/\"},{\"@type\":\"ListItem\",\"position\":2,\"name\":\"Hilos tensores\"}]},{\"@type\":\"WebSite\",\"@id\":\"https:\/\/www.clinicamaicasoria.com\/#website\",\"url\":\"https:\/\/www.clinicamaicasoria.com\/\",\"name\":\"Cl\u00ednica Dra. Maica Soria\",\"description\":\"Especialistas en nutrici\u00f3n, salud, est\u00e9tica facial y corporal y depilaci\u00f3n m\u00e9dica l\u00e1ser.\",\"publisher\":{\"@id\":\"https:\/\/www.clinicamaicasoria.com\/#organization\"},\"potentialAction\":[{\"@type\":\"SearchAction\",\"target\":{\"@type\":\"EntryPoint\",\"urlTemplate\":\"https:\/\/www.clinicamaicasoria.com\/?s={search_term_string}\"},\"query-input\":{\"@type\":\"PropertyValueSpecification\",\"valueRequired\":true,\"valueName\":\"search_term_string\"}}],\"inLanguage\":\"es\"},{\"@type\":\"Organization\",\"@id\":\"https:\/\/www.clinicamaicasoria.com\/#organization\",\"name\":\"Cl\u00ednica Maica Soria\",\"url\":\"https:\/\/www.clinicamaicasoria.com\/\",\"logo\":{\"@type\":\"ImageObject\",\"inLanguage\":\"es\",\"@id\":\"https:\/\/www.clinicamaicasoria.com\/#\/schema\/logo\/image\/\",\"url\":\"https:\/\/www.clinicamaicasoria.com\/wp-content\/uploads\/2017\/05\/Logo-clinica-maica-soria.png\",\"contentUrl\":\"https:\/\/www.clinicamaicasoria.com\/wp-content\/uploads\/2017\/05\/Logo-clinica-maica-soria.png\",\"width\":420,\"height\":142,\"caption\":\"Cl\u00ednica Maica Soria\"},\"image\":{\"@id\":\"https:\/\/www.clinicamaicasoria.com\/#\/schema\/logo\/image\/\"},\"sameAs\":[\"https:\/\/www.facebook.com\/clinicamaicasoria\/\",\"https:\/\/www.instagram.com\/clinicamaicasoria\/\"]}]}<\/script>\n<!-- \/ Yoast SEO plugin. -->","yoast_head_json":{"title":"Hilos tensores - Cl\u00ednica Dra. Maica Soria","robots":{"index":"index","follow":"follow","max-snippet":"max-snippet:-1","max-image-preview":"max-image-preview:large","max-video-preview":"max-video-preview:-1"},"canonical":"https:\/\/www.clinicamaicasoria.com\/index.php\/hilos-tensores\/","og_locale":"es_ES","og_type":"article","og_title":"Hilos tensores - Cl\u00ednica Dra. Maica Soria","og_description":"\u00a0 \u00a0Se trata de una nueva t\u00e9cnica para tratamiento de la laxitud de la piel y para\u00a0reafirmar zonas corporales (cara interna de brazos y piernas, abdomen, etc) produciendo un lifting biol\u00f3gico auto inducido por la\u00a0producci\u00f3n de fibroblastos y col\u00e1geno alrededor del hilo insertado. TRATAMIENTO El tratamiento consiste en colocar hilos de polidioxanona en la dermis, [&hellip;]","og_url":"https:\/\/www.clinicamaicasoria.com\/index.php\/hilos-tensores\/","og_site_name":"Cl\u00ednica Dra. Maica Soria","article_publisher":"https:\/\/www.facebook.com\/clinicamaicasoria\/","article_modified_time":"2020-04-29T17:10:05+00:00","twitter_card":"summary_large_image","twitter_misc":{"Tiempo de lectura":"4 minutos"},"schema":{"@context":"https:\/\/schema.org","@graph":[{"@type":"WebPage","@id":"https:\/\/www.clinicamaicasoria.com\/index.php\/hilos-tensores\/","url":"https:\/\/www.clinicamaicasoria.com\/index.php\/hilos-tensores\/","name":"Hilos tensores - Cl\u00ednica Dra. Maica Soria","isPartOf":{"@id":"https:\/\/www.clinicamaicasoria.com\/#website"},"datePublished":"2017-05-20T18:51:04+00:00","dateModified":"2020-04-29T17:10:05+00:00","breadcrumb":{"@id":"https:\/\/www.clinicamaicasoria.com\/index.php\/hilos-tensores\/#breadcrumb"},"inLanguage":"es","potentialAction":[{"@type":"ReadAction","target":["https:\/\/www.clinicamaicasoria.com\/index.php\/hilos-tensores\/"]}]},{"@type":"BreadcrumbList","@id":"https:\/\/www.clinicamaicasoria.com\/index.php\/hilos-tensores\/#breadcrumb","itemListElement":[{"@type":"ListItem","position":1,"name":"Portada","item":"https:\/\/www.clinicamaicasoria.com\/"},{"@type":"ListItem","position":2,"name":"Hilos tensores"}]},{"@type":"WebSite","@id":"https:\/\/www.clinicamaicasoria.com\/#website","url":"https:\/\/www.clinicamaicasoria.com\/","name":"Cl\u00ednica Dra. Maica Soria","description":"Especialistas en nutrici\u00f3n, salud, est\u00e9tica facial y corporal y depilaci\u00f3n m\u00e9dica l\u00e1ser.","publisher":{"@id":"https:\/\/www.clinicamaicasoria.com\/#organization"},"potentialAction":[{"@type":"SearchAction","target":{"@type":"EntryPoint","urlTemplate":"https:\/\/www.clinicamaicasoria.com\/?s={search_term_string}"},"query-input":{"@type":"PropertyValueSpecification","valueRequired":true,"valueName":"search_term_string"}}],"inLanguage":"es"},{"@type":"Organization","@id":"https:\/\/www.clinicamaicasoria.com\/#organization","name":"Cl\u00ednica Maica Soria","url":"https:\/\/www.clinicamaicasoria.com\/","logo":{"@type":"ImageObject","inLanguage":"es","@id":"https:\/\/www.clinicamaicasoria.com\/#\/schema\/logo\/image\/","url":"https:\/\/www.clinicamaicasoria.com\/wp-content\/uploads\/2017\/05\/Logo-clinica-maica-soria.png","contentUrl":"https:\/\/www.clinicamaicasoria.com\/wp-content\/uploads\/2017\/05\/Logo-clinica-maica-soria.png","width":420,"height":142,"caption":"Cl\u00ednica Maica Soria"},"image":{"@id":"https:\/\/www.clinicamaicasoria.com\/#\/schema\/logo\/image\/"},"sameAs":["https:\/\/www.facebook.com\/clinicamaicasoria\/","https:\/\/www.instagram.com\/clinicamaicasoria\/"]}]}},"_links":{"self":[{"href":"https:\/\/www.clinicamaicasoria.com\/index.php\/wp-json\/wp\/v2\/pages\/11502","targetHints":{"allow":["GET"]}}],"collection":[{"href":"https:\/\/www.clinicamaicasoria.com\/index.php\/wp-json\/wp\/v2\/pages"}],"about":[{"href":"https:\/\/www.clinicamaicasoria.com\/index.php\/wp-json\/wp\/v2\/types\/page"}],"author":[{"embeddable":true,"href":"https:\/\/www.clinicamaicasoria.com\/index.php\/wp-json\/wp\/v2\/users\/1"}],"replies":[{"embeddable":true,"href":"https:\/\/www.clinicamaicasoria.com\/index.php\/wp-json\/wp\/v2\/comments?post=11502"}],"version-history":[{"count":0,"href":"https:\/\/www.clinicamaicasoria.com\/index.php\/wp-json\/wp\/v2\/pages\/11502\/revisions"}],"wp:attachment":[{"href":"https:\/\/www.clinicamaicasoria.com\/index.php\/wp-json\/wp\/v2\/media?parent=11502"}],"curies":[{"name":"wp","href":"https:\/\/api.w.org\/{rel}","templated":true}]}}